{"id":55,"date":"2026-03-17T18:29:30","date_gmt":"2026-03-17T18:29:30","guid":{"rendered":"https:\/\/clienteteste3.com.br\/Evillebadybassitt\/?page_id=55"},"modified":"2026-03-21T22:59:48","modified_gmt":"2026-03-21T22:59:48","slug":"home","status":"publish","type":"page","link":"https:\/\/clienteteste3.com.br\/Evillebadybassitt\/","title":{"rendered":"Home"},"content":{"rendered":"\n<div class=\"wp-block-group\" style=\"padding-top:0;padding-bottom:0\"><div class=\"wp-block-group__inner-container is-layout-constrained wp-block-group-is-layout-constrained\">\n<div class=\"wp-block-cover alignfull is-dark\" style=\"min-height:380px;aspect-ratio:unset;\"><span aria-hidden=\"true\" class=\"wp-block-cover__background has-black-background-color has-background-dim-30 has-background-dim\"><\/span><div class=\"wp-block-cover__inner-container is-layout-flow wp-block-cover-is-layout-flow\">\n<h1 class=\"wp-block-heading has-text-align-center\" style=\"color:#ffffff\">Condom\u00ednio Eville Bady Bassit<\/h1>\n\n\n\n<p class=\"has-text-align-center has-text-color\" style=\"color:#ffffff\"><p class=\"has-text-align-center\" style=\"color:#ffffff\">Portal oficial com comunicados, vendas de lotes, transpar\u00eancia financeira, sugest\u00f5es e \u00e1rea do associado.<\/p><\/p>\n<\/div><\/div>\n\n\n\n<div class=\"wp-block-columns is-layout-flex wp-container-core-columns-is-layout-9f7666f6 wp-block-columns-is-layout-flex\" style=\"margin-top:32px;margin-bottom:32px\">\n<div class=\"wp-block-column is-layout-flow wp-block-column-is-layout-flow\">\n<div class=\"wp-block-group has-border-color\" style=\"border-color:#dfe7e7;border-width:1px;border-radius:12px;padding-top:24px;padding-right:24px;padding-bottom:24px;padding-left:24px\"><div class=\"wp-block-group__inner-container is-layout-constrained wp-container-core-group-is-layout-5773cda6 wp-block-group-is-layout-constrained\">\n<h2 class=\"wp-block-heading\">Comunicados<\/h2>\n\n\n\n<p>\u00c1rea destinada aos comunicados cadastrados pelos administradores do condom\u00ednio.<\/p>\n\n\n\n<ul class=\"wp-block-list\">\n<li><a href=\"https:\/\/clienteteste3.com.br\/Evillebadybassitt\/comunicado\/teste-comunicado\/\" data-type=\"link\" data-id=\"https:\/\/clienteteste3.com.br\/Evillebadybassitt\/comunicado\/teste-comunicado\/\">Comunicado dia 17.03 teste<\/a><\/li>\n\n\n\n<li>Manuten\u00e7\u00f5es<\/li>\n\n\n\n<li>Avisos gerais<\/li>\n<\/ul>\n<\/div><\/div>\n<\/div>\n\n\n\n<div class=\"wp-block-column is-layout-flow wp-block-column-is-layout-flow\">\n<div class=\"wp-block-group has-border-color\" style=\"border-color:#dfe7e7;border-width:1px;border-radius:12px;padding-top:24px;padding-right:24px;padding-bottom:24px;padding-left:24px\"><div class=\"wp-block-group__inner-container is-layout-constrained wp-container-core-group-is-layout-5773cda6 wp-block-group-is-layout-constrained\">\n<h2 class=\"wp-block-heading\">Enquetes<\/h2>\n\n\n\n<p>\u00c1rea reservada para vota\u00e7\u00e3o dos moradores cadastrados.<\/p>\n\n\n\n<p><strong>Exemplo:<\/strong> Voc\u00ea aprova a instala\u00e7\u00e3o de c\u00e2meras em novas \u00e1reas comuns?<\/p>\n<\/div><\/div>\n<\/div>\n<\/div>\n\n\n\n<div class=\"wp-block-columns is-layout-flex wp-container-core-columns-is-layout-ab112297 wp-block-columns-is-layout-flex\" style=\"margin-top:0;margin-bottom:32px\">\n<div class=\"wp-block-column is-layout-flow wp-block-column-is-layout-flow\">\n<div class=\"wp-block-group has-border-color\" style=\"border-color:#dfe7e7;border-width:1px;border-radius:12px;padding-top:24px;padding-right:24px;padding-bottom:24px;padding-left:24px\"><div class=\"wp-block-group__inner-container is-layout-constrained wp-container-core-group-is-layout-5773cda6 wp-block-group-is-layout-constrained\">\n<h2 class=\"wp-block-heading\">Mapa do Loteamento<\/h2>\n\n\n\n<p>Suba a imagem do mapa do condom\u00ednio e configure o clique para ampliar na biblioteca de m\u00eddia.<\/p>\n<\/div><\/div>\n<\/div>\n\n\n\n<div class=\"wp-block-column is-layout-flow wp-block-column-is-layout-flow\">\n<div class=\"wp-block-group has-border-color\" style=\"border-color:#dfe7e7;border-width:1px;border-radius:12px;padding-top:24px;padding-right:24px;padding-bottom:24px;padding-left:24px\"><div class=\"wp-block-group__inner-container is-layout-constrained wp-container-core-group-is-layout-5773cda6 wp-block-group-is-layout-constrained\">\n<h2 class=\"wp-block-heading\">Acesso r\u00e1pido<\/h2>\n\n\n\n<ul class=\"wp-block-list\">\n<li>Vendas de lotes<\/li>\n\n\n\n<li>Transpar\u00eancia financeira<\/li>\n\n\n\n<li>Sugest\u00f5es<\/li>\n\n\n\n<li>\u00c1rea do associado<\/li>\n<\/ul>\n<\/div><\/div>\n<\/div>\n<\/div>\n<\/div><\/div>\n","protected":false},"excerpt":{"rendered":"<p>Comunicados \u00c1rea destinada aos comunicados cadastrados pelos administradores do condom\u00ednio. Enquetes \u00c1rea reservada para vota\u00e7\u00e3o dos moradores cadastrados. Exemplo: Voc\u00ea aprova a instala\u00e7\u00e3o de c\u00e2meras em novas \u00e1reas comuns? Mapa do Loteamento Suba a imagem do mapa do condom\u00ednio e configure o clique para ampliar na biblioteca de m\u00eddia. Acesso r\u00e1pido<\/p>\n","protected":false},"author":1,"featured_media":0,"parent":0,"menu_order":0,"comment_status":"closed","ping_status":"closed","template":"","meta":{"pagelayer_contact_templates":[],"_pagelayer_content":"","_kadence_starter_templates_imported_post":false,"footnotes":""},"class_list":["post-55","page","type-page","status-publish","hentry"],"_links":{"self":[{"href":"https:\/\/clienteteste3.com.br\/Evillebadybassitt\/wp-json\/wp\/v2\/pages\/55","targetHints":{"allow":["GET"]}}],"collection":[{"href":"https:\/\/clienteteste3.com.br\/Evillebadybassitt\/wp-json\/wp\/v2\/pages"}],"about":[{"href":"https:\/\/clienteteste3.com.br\/Evillebadybassitt\/wp-json\/wp\/v2\/types\/page"}],"author":[{"embeddable":true,"href":"https:\/\/clienteteste3.com.br\/Evillebadybassitt\/wp-json\/wp\/v2\/users\/1"}],"replies":[{"embeddable":true,"href":"https:\/\/clienteteste3.com.br\/Evillebadybassitt\/wp-json\/wp\/v2\/comments?post=55"}],"version-history":[{"count":2,"href":"https:\/\/clienteteste3.com.br\/Evillebadybassitt\/wp-json\/wp\/v2\/pages\/55\/revisions"}],"predecessor-version":[{"id":100,"href":"https:\/\/clienteteste3.com.br\/Evillebadybassitt\/wp-json\/wp\/v2\/pages\/55\/revisions\/100"}],"wp:attachment":[{"href":"https:\/\/clienteteste3.com.br\/Evillebadybassitt\/wp-json\/wp\/v2\/media?parent=55"}],"curies":[{"name":"wp","href":"https:\/\/api.w.org\/{rel}","templated":true}]}}